{"id":23,"date":"2025-09-02T13:32:25","date_gmt":"2025-09-02T16:32:25","guid":{"rendered":"https:\/\/rhcont.com.br\/?page_id=23"},"modified":"2025-09-04T11:38:29","modified_gmt":"2025-09-04T14:38:29","slug":"23-2","status":"publish","type":"page","link":"https:\/\/rhcont.com.br\/","title":{"rendered":"HOME"},"content":{"rendered":"\n<div class=\"wp-block-group alignfull has-global-padding is-layout-constrained wp-container-core-group-is-layout-8599ade3 wp-block-group-is-layout-constrained\" style=\"padding-top:var(--wp--preset--spacing--50);padding-right:var(--wp--preset--spacing--50);padding-bottom:var(--wp--preset--spacing--50);padding-left:var(--wp--preset--spacing--50)\">\n<div class=\"wp-block-group has-global-padding is-layout-constrained wp-container-core-group-is-layout-91a6e9d3 wp-block-group-is-layout-constrained\">\n<h1 class=\"wp-block-heading has-text-align-center has-x-large-font-size\"><img decoding=\"async\" width=\"150\" height=\"71\" class=\"wp-image-21\" style=\"width: 150px;\" src=\"http:\/\/rhcont.com.br\/wp-content\/uploads\/2025\/09\/LOGOTIPO-RH-CONTABILIDADE-preto-1.png\" alt=\"\" srcset=\"https:\/\/rhcont.com.br\/wp-content\/uploads\/2025\/09\/LOGOTIPO-RH-CONTABILIDADE-preto-1.png 800w, https:\/\/rhcont.com.br\/wp-content\/uploads\/2025\/09\/LOGOTIPO-RH-CONTABILIDADE-preto-1-300x143.png 300w, https:\/\/rhcont.com.br\/wp-content\/uploads\/2025\/09\/LOGOTIPO-RH-CONTABILIDADE-preto-1-768x366.png 768w\" sizes=\"(max-width: 150px) 100vw, 150px\" \/><\/h1>\n\n\n\n<div style=\"height:1.25rem\" aria-hidden=\"true\" class=\"wp-block-spacer\"><\/div>\n\n\n\n<p class=\"has-text-align-center\">Estamos renovando nosso site, em breve voc\u00ea ter\u00e1 uma \u00f3tima experi\u00eancia com as novidades!<\/p>\n\n\n\n<p class=\"has-text-align-center\">Para entrar em contato, fale com a gente pelo WhatsApp e tenha um atendimento totalmente personalizado.<\/p>\n\n\n\n<div style=\"height:1.25rem\" aria-hidden=\"true\" class=\"wp-block-spacer\"><\/div>\n\n\n\n<div class=\"wp-block-buttons is-content-justification-center is-layout-flex wp-container-core-buttons-is-layout-a89b3969 wp-block-buttons-is-layout-flex\">\n<div class=\"wp-block-button\"><a class=\"wp-block-button__link wp-element-button\">WhatsApp<\/a><\/div>\n<\/div>\n<\/div>\n\n\n\n<div style=\"height:var(--wp--preset--spacing--30)\" aria-hidden=\"true\" class=\"wp-block-spacer\"><\/div>\n<\/div>\n\n\n\n<div class=\"wp-block-group alignfull has-base-2-background-color has-background has-global-padding is-layout-constrained wp-container-core-group-is-layout-669513ed wp-block-group-is-layout-constrained\" style=\"margin-top:0;margin-bottom:0;padding-top:var(--wp--preset--spacing--50);padding-right:var(--wp--preset--spacing--50);padding-bottom:var(--wp--preset--spacing--50);padding-left:var(--wp--preset--spacing--50)\">\n<div class=\"wp-block-group has-global-padding is-layout-constrained wp-block-group-is-layout-constrained\">\n<div class=\"wp-block-group is-vertical is-layout-flex wp-container-core-group-is-layout-74a1abea wp-block-group-is-layout-flex\" style=\"border-radius:0px;min-height:0px;margin-top:0;margin-bottom:0;padding-top:0;padding-right:0;padding-bottom:0;padding-left:0\">\n<h2 class=\"wp-block-heading has-text-align-center is-style-asterisk\">Conhe\u00e7a abaixo um pouco do nosso trabalho<\/h2>\n\n\n\n<div style=\"height:0px\" aria-hidden=\"true\" class=\"wp-block-spacer wp-container-content-4f2ccadb\"><\/div>\n\n\n\n<p class=\"has-text-align-center\"><\/p>\n<\/div>\n<\/div>\n\n\n\n<div style=\"margin-top:0;margin-bottom:0;height:var(--wp--preset--spacing--40)\" aria-hidden=\"true\" class=\"wp-block-spacer\"><\/div>\n\n\n\n<div class=\"wp-block-columns alignwide is-layout-flex wp-container-core-columns-is-layout-d0bbbce0 wp-block-columns-is-layout-flex\">\n<div class=\"wp-block-column is-layout-flow wp-container-core-column-is-layout-e3d1c41b wp-block-column-is-layout-flow\">\n<h3 class=\"wp-block-heading has-text-align-left is-style-asterisk has-body-font-family has-medium-font-size\" style=\"font-style:normal;font-weight:600\">Renova\u00e7\u00e3o e restaura\u00e7\u00e3o<\/h3>\n\n\n\n<p class=\"has-text-align-left\">Experimente a fus\u00e3o de imagina\u00e7\u00e3o e experi\u00eancia com a \u00c9tudes Architectural Solutions.<\/p>\n<\/div>\n\n\n\n<div class=\"wp-block-column is-layout-flow wp-container-core-column-is-layout-e3d1c41b wp-block-column-is-layout-flow\">\n<h3 class=\"wp-block-heading has-text-align-left is-style-asterisk has-body-font-family has-medium-font-size\" style=\"font-style:normal;font-weight:600\">Suporte cont\u00ednuo<\/h3>\n\n\n\n<p class=\"has-text-align-left\">Experimente a fus\u00e3o de imagina\u00e7\u00e3o e experi\u00eancia com a \u00c9tudes Architectural Solutions.<\/p>\n<\/div>\n\n\n\n<div class=\"wp-block-column is-layout-flow wp-container-core-column-is-layout-e3d1c41b wp-block-column-is-layout-flow\">\n<h3 class=\"wp-block-heading has-text-align-left is-style-asterisk has-body-font-family has-medium-font-size\" style=\"font-style:normal;font-weight:600\">Acesso ao aplicativo<\/h3>\n\n\n\n<p class=\"has-text-align-left\">Experimente a fus\u00e3o de imagina\u00e7\u00e3o e experi\u00eancia com a \u00c9tudes Architectural Solutions.<\/p>\n<\/div>\n<\/div>\n\n\n\n<div style=\"height:var(--wp--preset--spacing--20)\" aria-hidden=\"true\" class=\"wp-block-spacer\"><\/div>\n\n\n\n<div class=\"wp-block-columns alignwide is-layout-flex wp-container-core-columns-is-layout-d0bbbce0 wp-block-columns-is-layout-flex\">\n<div class=\"wp-block-column is-layout-flow wp-container-core-column-is-layout-e3d1c41b wp-block-column-is-layout-flow\">\n<h3 class=\"wp-block-heading has-text-align-left is-style-asterisk has-body-font-family has-medium-font-size\" style=\"font-style:normal;font-weight:600\">Consultoria<\/h3>\n\n\n\n<p class=\"has-text-align-left\">Experimente a fus\u00e3o de imagina\u00e7\u00e3o e experi\u00eancia com a \u00c9tudes Architectural Solutions.<\/p>\n<\/div>\n\n\n\n<div class=\"wp-block-column is-layout-flow wp-container-core-column-is-layout-e3d1c41b wp-block-column-is-layout-flow\">\n<h3 class=\"wp-block-heading has-text-align-left is-style-asterisk has-body-font-family has-medium-font-size\" style=\"font-style:normal;font-weight:600\">Gerenciamento de projetos<\/h3>\n\n\n\n<p class=\"has-text-align-left\">Experimente a fus\u00e3o de imagina\u00e7\u00e3o e experi\u00eancia com a \u00c9tudes Architectural Solutions.<\/p>\n<\/div>\n\n\n\n<div class=\"wp-block-column is-layout-flow wp-container-core-column-is-layout-e3d1c41b wp-block-column-is-layout-flow\">\n<h3 class=\"wp-block-heading has-text-align-left is-style-asterisk has-body-font-family has-medium-font-size\" style=\"font-style:normal;font-weight:600\">Solu\u00e7\u00f5es arquitet\u00f4nicas<\/h3>\n\n\n\n<p class=\"has-text-align-left\">Experimente a fus\u00e3o de imagina\u00e7\u00e3o e experi\u00eancia com a \u00c9tudes Architectural Solutions.<\/p>\n<\/div>\n<\/div>\n<\/div>\n\n\n\n<p><\/p>\n","protected":false},"excerpt":{"rendered":"<p>Estamos renovando nosso site, em breve voc\u00ea ter\u00e1 uma \u00f3tima experi\u00eancia com as novidades! Para entrar em contato, fale com a gente pelo WhatsApp e tenha um atendimento totalmente personalizado. Conhe\u00e7a abaixo um pouco do nosso trabalho Renova\u00e7\u00e3o e restaura\u00e7\u00e3o Experimente a fus\u00e3o de imagina\u00e7\u00e3o e experi\u00eancia com a \u00c9tudes Architectural Solutions. Suporte cont\u00ednuo Experimente [&hellip;]<\/p>\n","protected":false},"author":1,"featured_media":0,"parent":0,"menu_order":0,"comment_status":"closed","ping_status":"closed","template":"","meta":{"footnotes":""},"class_list":["post-23","page","type-page","status-publish","hentry"],"yoast_head":"<!-- This site is optimized with the Yoast SEO plugin v25.9 - https:\/\/yoast.com\/wordpress\/plugins\/seo\/ -->\n<title>HOME - RH Contabilidade<\/title>\n<meta name=\"robots\" content=\"index, follow, max-snippet:-1, max-image-preview:large, max-video-preview:-1\" \/>\n<link rel=\"canonical\" href=\"https:\/\/rhcont.com.br\/\" \/>\n<meta property=\"og:locale\" content=\"pt_BR\" \/>\n<meta property=\"og:type\" content=\"article\" \/>\n<meta property=\"og:title\" content=\"HOME - RH Contabilidade\" \/>\n<meta property=\"og:description\" content=\"Estamos renovando nosso site, em breve voc\u00ea ter\u00e1 uma \u00f3tima experi\u00eancia com as novidades! Para entrar em contato, fale com a gente pelo WhatsApp e tenha um atendimento totalmente personalizado. Conhe\u00e7a abaixo um pouco do nosso trabalho Renova\u00e7\u00e3o e restaura\u00e7\u00e3o Experimente a fus\u00e3o de imagina\u00e7\u00e3o e experi\u00eancia com a \u00c9tudes Architectural Solutions. Suporte cont\u00ednuo Experimente [&hellip;]\" \/>\n<meta property=\"og:url\" content=\"https:\/\/rhcont.com.br\/\" \/>\n<meta property=\"og:site_name\" content=\"RH Contabilidade\" \/>\n<meta property=\"article:publisher\" content=\"https:\/\/www.facebook.com\/profile.php?id=61561923316175\" \/>\n<meta property=\"article:modified_time\" content=\"2025-09-04T14:38:29+00:00\" \/>\n<meta property=\"og:image\" content=\"http:\/\/rhcont.com.br\/wp-content\/uploads\/2025\/09\/LOGOTIPO-RH-CONTABILIDADE-preto-1.png\" \/>\n<meta name=\"twitter:card\" content=\"summary_large_image\" \/>\n<meta name=\"twitter:label1\" content=\"Est. tempo de leitura\" \/>\n\t<meta name=\"twitter:data1\" content=\"1 minuto\" \/>\n<script type=\"application\/ld+json\" class=\"yoast-schema-graph\">{\"@context\":\"https:\/\/schema.org\",\"@graph\":[{\"@type\":\"WebPage\",\"@id\":\"https:\/\/rhcont.com.br\/\",\"url\":\"https:\/\/rhcont.com.br\/\",\"name\":\"HOME - RH Contabilidade\",\"isPartOf\":{\"@id\":\"https:\/\/rhcont.com.br\/#website\"},\"primaryImageOfPage\":{\"@id\":\"https:\/\/rhcont.com.br\/#primaryimage\"},\"image\":{\"@id\":\"https:\/\/rhcont.com.br\/#primaryimage\"},\"thumbnailUrl\":\"http:\/\/rhcont.com.br\/wp-content\/uploads\/2025\/09\/LOGOTIPO-RH-CONTABILIDADE-preto-1.png\",\"datePublished\":\"2025-09-02T16:32:25+00:00\",\"dateModified\":\"2025-09-04T14:38:29+00:00\",\"breadcrumb\":{\"@id\":\"https:\/\/rhcont.com.br\/#breadcrumb\"},\"inLanguage\":\"pt-BR\",\"potentialAction\":[{\"@type\":\"ReadAction\",\"target\":[\"https:\/\/rhcont.com.br\/\"]}]},{\"@type\":\"ImageObject\",\"inLanguage\":\"pt-BR\",\"@id\":\"https:\/\/rhcont.com.br\/#primaryimage\",\"url\":\"https:\/\/rhcont.com.br\/wp-content\/uploads\/2025\/09\/LOGOTIPO-RH-CONTABILIDADE-preto-1.png\",\"contentUrl\":\"https:\/\/rhcont.com.br\/wp-content\/uploads\/2025\/09\/LOGOTIPO-RH-CONTABILIDADE-preto-1.png\",\"width\":800,\"height\":381},{\"@type\":\"BreadcrumbList\",\"@id\":\"https:\/\/rhcont.com.br\/#breadcrumb\",\"itemListElement\":[{\"@type\":\"ListItem\",\"position\":1,\"name\":\"In\u00edcio\",\"item\":\"https:\/\/rhcont.com.br\/\"},{\"@type\":\"ListItem\",\"position\":2,\"name\":\"HOME\"}]},{\"@type\":\"WebSite\",\"@id\":\"https:\/\/rhcont.com.br\/#website\",\"url\":\"https:\/\/rhcont.com.br\/\",\"name\":\"RH Contabilidade\",\"description\":\"+30 anos ajudando empresas a crescer com seguran\u00e7a fiscal e financeira.\",\"publisher\":{\"@id\":\"https:\/\/rhcont.com.br\/#organization\"},\"potentialAction\":[{\"@type\":\"SearchAction\",\"target\":{\"@type\":\"EntryPoint\",\"urlTemplate\":\"https:\/\/rhcont.com.br\/?s={search_term_string}\"},\"query-input\":{\"@type\":\"PropertyValueSpecification\",\"valueRequired\":true,\"valueName\":\"search_term_string\"}}],\"inLanguage\":\"pt-BR\"},{\"@type\":\"Organization\",\"@id\":\"https:\/\/rhcont.com.br\/#organization\",\"name\":\"RH Contabilidade\",\"url\":\"https:\/\/rhcont.com.br\/\",\"logo\":{\"@type\":\"ImageObject\",\"inLanguage\":\"pt-BR\",\"@id\":\"https:\/\/rhcont.com.br\/#\/schema\/logo\/image\/\",\"url\":\"https:\/\/rhcont.com.br\/wp-content\/uploads\/2025\/09\/LOGOTIPO-RH-CONTABILIDADE-preto-1.png\",\"contentUrl\":\"https:\/\/rhcont.com.br\/wp-content\/uploads\/2025\/09\/LOGOTIPO-RH-CONTABILIDADE-preto-1.png\",\"width\":800,\"height\":381,\"caption\":\"RH Contabilidade\"},\"image\":{\"@id\":\"https:\/\/rhcont.com.br\/#\/schema\/logo\/image\/\"},\"sameAs\":[\"https:\/\/www.facebook.com\/profile.php?id=61561923316175\",\"https:\/\/www.instagram.com\/rhcontab\/\"]}]}<\/script>\n<!-- \/ Yoast SEO plugin. -->","yoast_head_json":{"title":"HOME - RH Contabilidade","robots":{"index":"index","follow":"follow","max-snippet":"max-snippet:-1","max-image-preview":"max-image-preview:large","max-video-preview":"max-video-preview:-1"},"canonical":"https:\/\/rhcont.com.br\/","og_locale":"pt_BR","og_type":"article","og_title":"HOME - RH Contabilidade","og_description":"Estamos renovando nosso site, em breve voc\u00ea ter\u00e1 uma \u00f3tima experi\u00eancia com as novidades! Para entrar em contato, fale com a gente pelo WhatsApp e tenha um atendimento totalmente personalizado. Conhe\u00e7a abaixo um pouco do nosso trabalho Renova\u00e7\u00e3o e restaura\u00e7\u00e3o Experimente a fus\u00e3o de imagina\u00e7\u00e3o e experi\u00eancia com a \u00c9tudes Architectural Solutions. Suporte cont\u00ednuo Experimente [&hellip;]","og_url":"https:\/\/rhcont.com.br\/","og_site_name":"RH Contabilidade","article_publisher":"https:\/\/www.facebook.com\/profile.php?id=61561923316175","article_modified_time":"2025-09-04T14:38:29+00:00","og_image":[{"url":"http:\/\/rhcont.com.br\/wp-content\/uploads\/2025\/09\/LOGOTIPO-RH-CONTABILIDADE-preto-1.png","type":"","width":"","height":""}],"twitter_card":"summary_large_image","twitter_misc":{"Est. tempo de leitura":"1 minuto"},"schema":{"@context":"https:\/\/schema.org","@graph":[{"@type":"WebPage","@id":"https:\/\/rhcont.com.br\/","url":"https:\/\/rhcont.com.br\/","name":"HOME - RH Contabilidade","isPartOf":{"@id":"https:\/\/rhcont.com.br\/#website"},"primaryImageOfPage":{"@id":"https:\/\/rhcont.com.br\/#primaryimage"},"image":{"@id":"https:\/\/rhcont.com.br\/#primaryimage"},"thumbnailUrl":"http:\/\/rhcont.com.br\/wp-content\/uploads\/2025\/09\/LOGOTIPO-RH-CONTABILIDADE-preto-1.png","datePublished":"2025-09-02T16:32:25+00:00","dateModified":"2025-09-04T14:38:29+00:00","breadcrumb":{"@id":"https:\/\/rhcont.com.br\/#breadcrumb"},"inLanguage":"pt-BR","potentialAction":[{"@type":"ReadAction","target":["https:\/\/rhcont.com.br\/"]}]},{"@type":"ImageObject","inLanguage":"pt-BR","@id":"https:\/\/rhcont.com.br\/#primaryimage","url":"https:\/\/rhcont.com.br\/wp-content\/uploads\/2025\/09\/LOGOTIPO-RH-CONTABILIDADE-preto-1.png","contentUrl":"https:\/\/rhcont.com.br\/wp-content\/uploads\/2025\/09\/LOGOTIPO-RH-CONTABILIDADE-preto-1.png","width":800,"height":381},{"@type":"BreadcrumbList","@id":"https:\/\/rhcont.com.br\/#breadcrumb","itemListElement":[{"@type":"ListItem","position":1,"name":"In\u00edcio","item":"https:\/\/rhcont.com.br\/"},{"@type":"ListItem","position":2,"name":"HOME"}]},{"@type":"WebSite","@id":"https:\/\/rhcont.com.br\/#website","url":"https:\/\/rhcont.com.br\/","name":"RH Contabilidade","description":"+30 anos ajudando empresas a crescer com seguran\u00e7a fiscal e financeira.","publisher":{"@id":"https:\/\/rhcont.com.br\/#organization"},"potentialAction":[{"@type":"SearchAction","target":{"@type":"EntryPoint","urlTemplate":"https:\/\/rhcont.com.br\/?s={search_term_string}"},"query-input":{"@type":"PropertyValueSpecification","valueRequired":true,"valueName":"search_term_string"}}],"inLanguage":"pt-BR"},{"@type":"Organization","@id":"https:\/\/rhcont.com.br\/#organization","name":"RH Contabilidade","url":"https:\/\/rhcont.com.br\/","logo":{"@type":"ImageObject","inLanguage":"pt-BR","@id":"https:\/\/rhcont.com.br\/#\/schema\/logo\/image\/","url":"https:\/\/rhcont.com.br\/wp-content\/uploads\/2025\/09\/LOGOTIPO-RH-CONTABILIDADE-preto-1.png","contentUrl":"https:\/\/rhcont.com.br\/wp-content\/uploads\/2025\/09\/LOGOTIPO-RH-CONTABILIDADE-preto-1.png","width":800,"height":381,"caption":"RH Contabilidade"},"image":{"@id":"https:\/\/rhcont.com.br\/#\/schema\/logo\/image\/"},"sameAs":["https:\/\/www.facebook.com\/profile.php?id=61561923316175","https:\/\/www.instagram.com\/rhcontab\/"]}]}},"_links":{"self":[{"href":"https:\/\/rhcont.com.br\/index.php?rest_route=\/wp\/v2\/pages\/23","targetHints":{"allow":["GET"]}}],"collection":[{"href":"https:\/\/rhcont.com.br\/index.php?rest_route=\/wp\/v2\/pages"}],"about":[{"href":"https:\/\/rhcont.com.br\/index.php?rest_route=\/wp\/v2\/types\/page"}],"author":[{"embeddable":true,"href":"https:\/\/rhcont.com.br\/index.php?rest_route=\/wp\/v2\/users\/1"}],"replies":[{"embeddable":true,"href":"https:\/\/rhcont.com.br\/index.php?rest_route=%2Fwp%2Fv2%2Fcomments&post=23"}],"version-history":[{"count":3,"href":"https:\/\/rhcont.com.br\/index.php?rest_route=\/wp\/v2\/pages\/23\/revisions"}],"predecessor-version":[{"id":26,"href":"https:\/\/rhcont.com.br\/index.php?rest_route=\/wp\/v2\/pages\/23\/revisions\/26"}],"wp:attachment":[{"href":"https:\/\/rhcont.com.br\/index.php?rest_route=%2Fwp%2Fv2%2Fmedia&parent=23"}],"curies":[{"name":"wp","href":"https:\/\/api.w.org\/{rel}","templated":true}]}}